{"id":2020,"date":"2023-05-23T11:53:19","date_gmt":"2023-05-23T09:53:19","guid":{"rendered":"https:\/\/ginomazzuccato.com\/dichiarazione-sulla-privacy-ue\/"},"modified":"2024-04-26T10:05:55","modified_gmt":"2024-04-26T08:05:55","slug":"dichiarazione-sulla-privacy-ue","status":"publish","type":"page","link":"https:\/\/ginomazzuccato.com\/en\/dichiarazione-sulla-privacy-ue\/","title":{"rendered":"Dichiarazione sulla Privacy (UE)"},"content":{"rendered":"\n<!-- Legal document generated by Complianz | GDPR\/CCPA Cookie Consent https:\/\/wordpress.org\/plugins\/complianz-gdpr -->\n<div id=\"cmplz-document\" class=\"cmplz-document privacy-statement cmplz-document-eu\"><p><i>This privacy statement was last updated on 17 April 2024 and applies to citizens and legal permanent residents of the European Economic Area and Switzerland.<\/i><br \/><br \/><\/p><p><p>In this privacy statement, we explain what we do with the data we obtain about you via <a href=\"https:\/\/ginomazzuccato.com\/en\/\">https:\/\/ginomazzuccato.com\/en\/<\/a>. We recommend you carefully read this statement. In our processing we comply with the requirements of privacy legislation. That means, among other things, that:<\/p><ul>\n                <li>we clearly state the purposes for which we process personal data. We do this by means of this privacy statement;<\/li>\n                <li>we aim to limit our collection of personal data to only the personal data required for legitimate purposes;<\/li>\n                <li>we first request your explicit consent to process your personal data in cases requiring your consent;<\/li>\n                <li>we take appropriate security measures to protect your personal data and also require this from parties that process personal data on our behalf;<\/li>\n                <li>we respect your right to access your personal data or have it corrected or deleted, at your request.<\/li>\n            <\/ul><p>If you have any questions, or want to know exactly what data we keep of you, please contact us.<\/p><\/p><h2>1. Purpose, data and retention period<\/h2>We may collect or receive personal information for a number of purposes connected with our business operations which may include the following: (click to expand)<details class=\"cmplz-dropdown dropdown-privacy-statement\"><summary><div><h3>1.1 Contact - Through phone, mail, email and\/or webforms<\/h3><\/div><\/summary><p class=\"cmplz-subtitle\">For this purpose we use the following data:<\/p><p><ul><li>A first and last name<\/li><li>An email address<\/li><li>A telephone number<\/li><\/ul><\/p><p class=\"cmplz-subtitle\">The basis on which we may process these data is:<\/p><p><a target=\"_blank\" rel=\"noopener noreferrer nofollow\" href=\"https:\/\/cookiedatabase.org\/legal-bases\/#consent\">Upon the provision of consent.<\/a><\/p><p class=\"cmplz-subtitle\">Retention period<\/p><p>We retain this data until the service is terminated.<\/p><\/details><details class=\"cmplz-dropdown dropdown-privacy-statement\"><summary><div><h3>1.2 Payments<\/h3><\/div><\/summary><p class=\"cmplz-subtitle\">For this purpose we use the following data:<\/p><p><ul><li>A first and last name<\/li><li>A home or other physical address, including street name and name of a city or town<\/li><li>An email address<\/li><li>A telephone number<\/li><\/ul><\/p><p class=\"cmplz-subtitle\">The basis on which we may process these data is:<\/p><p><a target=\"_blank\" rel=\"noopener noreferrer nofollow\" href=\"https:\/\/cookiedatabase.org\/legal-bases\/#consent\">Upon the provision of consent.<\/a><\/p><p class=\"cmplz-subtitle\">Retention period<\/p><p>We retain this data until the service is terminated.<\/p><\/details><h2>2. Sharing with other parties<\/h2><p>We only share or disclose this data to processors for the following purposes:<\/p><p class=\"cmplz-subtitle\">Processors<\/p><p><b>Name:<\/b>&nbsp;E42 SRL<br \/>\n            <b>Country:<\/b>&nbsp;Italia<br \/>\n            <b>Purpose:<\/b>&nbsp;Hosting<br \/>\n            <b>Name:<\/b>&nbsp;Google Ireland Limited<br \/>\n            <b>Country:<\/b>&nbsp;Irlanda<br \/>\n            <b>Purpose:<\/b>&nbsp;creare approfondimenti intelligenti, rilevare e rimuovere dati fraudolenti come lo spam e offrire prodotti come i rapporti ottimizzati<br \/>\n            <\/p><h2>3. Cookies<\/h2><p>Our website uses cookies. For more information about cookies, please refer to our <a href=\"https:\/\/ginomazzuccato.com\/en\/cookie-policy-ue\/\">Cookie Policy<\/a>.&nbsp;<\/p><h2>4. Disclosure practices<\/h2><p><p>We disclose personal information if we are required by law or by a court order, in response to a law enforcement agency, to the extent permitted under other provisions of law, to provide information, or for an investigation on a matter related to public safety.<\/p><p>If our website or organisation is taken over, sold, or involved in a merger or acquisition, your details may be disclosed to our advisers and any prospective purchasers and will be passed on to the new owners.<\/p><\/p><p>We have concluded a data Processing Agreement with Google.<\/p><p>Google may not use the data for any other Google services.<\/p><p>The inclusion of full IP addresses is blocked by us.<\/p><h2>5. Security<\/h2><p>We are committed to the security of personal data. We take appropriate security measures to limit abuse of and unauthorized access to personal data. This ensures that only the necessary persons have access to your data, that access to the data is protected, and that our security measures are regularly reviewed.<\/p><h2>6. Third-party websites<\/h2><p>This privacy statement does not apply to third-party websites connected by links on our website. We cannot guarantee that these third parties handle your personal data in a reliable or secure manner. We recommend you read the privacy statements of these websites prior to making use of these websites.<\/p><h2>7. Amendments to this privacy statement<\/h2><p>We reserve the right to make amendments to this privacy statement. It is recommended that you consult this privacy statement regularly in order to be aware of any changes. In addition, we will actively inform you wherever possible.<\/p><h2>8. Accessing and modifying your data<\/h2><p>If you have any questions or want to know which personal data we have about you, please contact us. You can contact us by using the information below. You have the following rights:<\/p><ul>\n                <li>You have the right to know why your personal data is needed, what will happen to it, and how long it will be retained for.<\/li>\n                <li>Right of access: You have the right to access your personal data that is known to us.<\/li>\n                <li>Right to rectification: you have the right to supplement, correct, have deleted or blocked your personal data whenever you wish.<\/li>\n                <li>If you give us your consent to process your data, you have the right to revoke that consent and to have your personal data deleted.<\/li>\n                <li>Right to transfer your data: you have the right to request all your personal data from the controller and transfer it in its entirety to another controller.<\/li>\n                <li>Right to object: you may object to the processing of your data. We comply with this, unless there are justified grounds for processing.<\/li>\n            <\/ul><p>Please make sure to always clearly state who you are, so that we can be certain that we do not modify or delete any data of the wrong person.<\/p><h2>9. Submitting a complaint<\/h2><p>If you are not satisfied with the way in which we handle (a complaint about) the processing of your personal data, you have the right to submit a complaint to the Data Protection Authority.<\/p><h2>10. Contact details<\/h2><p>Gino Mazzuccato srl<br \/>\n        Fondamenta Manin 1, Murano 30141<br \/>\n        Italy<br \/>\n        Website: <a href=\"https:\/\/ginomazzuccato.com\/en\/\">https:\/\/ginomazzuccato.com\/en\/<\/a> <br \/>\n        Email: <span class=\"cmplz-obfuscate\">i&#110;fo@<span class=\"cmplz-fmail-domain\">&#101;x.&#099;om<\/span>g&#105;n&#111;&#109;&#097;zz&#117;&#099;&#099;&#097;to.&#099;&#111;m<\/span> <br \/>\n        <\/p><h2>Annex<\/h2><p><h3>WPML<\/h3>\r\n                <p>WPML utilizza i cookie per identificare la lingua del visitatore corrente, quella dell'ultima visita e quella degli utenti che hanno effettuato l'accesso.<\/p><p>Quando si utilizza il plugin, WPML condivider\u00e0 i dati relativi al sito tramite il programma di installazione. Non verr\u00e0 condiviso nessun dato personale dell'utente.<\/p>\r\n            <h3>WooCommerce<\/h3>\r\n                <div class=\"wp-suggested-text\"><p class=\"privacy-policy-tutorial\">Questo linguaggio campione include gli elementi di base su raccolta dei dati personali, la memorizzazione e la condivisione, nonch\u00e9 su chi \u00e8 autorizzato ad accedere a tali dati. In base alle impostazioni abilitate e ai plugin aggiuntivi utilizzati, le informazioni specifiche condivise dal nostro negozio possono variare. Ti consigliamo di consultare un legale al momento di decidere quali informazioni divulgare sulla tua informativa sulla privacy.<\/p><p>Durante la procedura di pagamento nel nostro negozio raccogliamo informazioni su di te.<\/p><h2>Cosa raccogliamo e salviamo<\/h2><p>Mentre visiti il nostro sito, tracciamo:<\/p><ul><li>I prodotti che hai visualizzato: useremo queste informazioni per, ad esempio, mostrarti i prodotti che hai visualizzato di recente<\/li><li>Posizione, indirizzo IP e tipo di browser: useremo queste informazioni per una stima di imposte e spedizione<\/li><li>Indirizzo di spedizione: ti chiederemo di inserirlo per, ad esempio, stimare la spedizione prima che tu effettui l\u2019ordine e per inviarti quanto acquistato!<\/li><\/ul><p>Useremo i cookie anche per tenere traccia del contenuto del carrello mentre stai navigando sul nostro sito.<\/p><p class=\"privacy-policy-tutorial\">Nota: per ulteriori dettagli sulla informativa sui cookie, da qui verrai collegato alla sezione.<\/p><p>Quando effettui un acquisto presso di noi, ti invitiamo a fornire informazioni quali nome, indirizzo di fatturazione, indirizzo di spedizione, indirizzo e-mail, numero di telefono, numero di carta di credito\/dettagli del pagamento e informazioni opzionali sull\u2019account, come il nome utente e la password. Useremo queste informazioni per scopi quali:<\/p><ul><li>Ti inviamo informazioni sull\u2019account e sull\u2019ordine<\/li><li>Rispondiamo alle tue richieste, inclusi reclami e rimborsi<\/li><li>Elaborazione dei pagamenti e prevenzione delle frodi<\/li><li>Configura il tuo account per il nostro negozio<\/li><li>Rispetta tutti gli obblighi legali a nostro carico, come il calcolo delle imposte<\/li><li>Migliora le offerte del nostro negozio<\/li><li>Invio di messaggi di marketing, se scegli di riceverli<\/li><\/ul><p>Se crei un account, archivieremo il tuo nome, indirizzo, email e numero di telefono: questi dati verranno poi usati per popolare la cassa nei tuoi ordini futuri.<\/p><p>In generale conserviamo le tue informazioni finch\u00e9 ne abbiamo bisogno per le finalit\u00e0 per le quali raccogliamo e utilizziamo i dati e finch\u00e9 siamo legalmente tenuti a continuare a mantenerli. Ad esempio, archiviamo le informazioni sull\u2019ordine per XXX anni per ragioni fiscali e di contabilit\u00e0. Tali informazioni includono nome, indirizzo e-mail e indirizzi di fatturazione e spedizione.<\/p><p>Archiviamo anche commenti e recensioni, se scegli di lasciarceli.<\/p><h2>Persone del nostro team che hanno accesso<\/h2><p>I membri del nostro team hanno accesso alle informazioni che ci fornisci. Per esempio, sia gli amministratori che gli shop manager possono accedere a:<\/p><ul><li>Informazioni sull\u2019ordine quali, oggetto acquistato, data di acquisto e luogo di spedizione e<\/li><li>Informazioni sul cliente come il tuo nome, indirizzo email e informazioni di fatturazione e spedizione.<\/li><\/ul><p>I membri del nostro team hanno accesso a queste informazioni per aiutare a soddisfare gli ordini, elaborare i rimborsi e supportarti.<\/p><h2>Cosa condividiamo con gli altri<\/h2><p class=\"privacy-policy-tutorial\">In questa sezione devi elencare con chi condividi i dati e a quale scopo. Potrebbero includere, ma non limitarsi a questo, analisi, marketing, gateway di pagamento, fornitori di spedizioni e incorporazioni di terze parti.<\/p><p>Condividiamo le informazioni con terze parti che ci aiutano a fornire servizi del negozio e per gli ordini; ad esempio --<\/p><h3>Pagamenti<\/h3><p class=\"privacy-policy-tutorial\">In questa sezione secondaria, devi elencare i processori di pagamento di terze parti che utilizzi per i pagamenti sul tuo negozio poich\u00e9 questi potrebbero gestire i dati dei clienti. Abbiamo incluso PayPal come esempio, ma se non usi PayPal puoi rimuoverlo.<\/p><p>Accettiamo pagamenti tramite PayPal. Durante l'elaborazione dei pagamenti, alcuni dati vengono trasferiti a PayPal, incluse le informazioni necessarie per elaborare o supportare il pagamento, come il totale degli acquisti e i dati di fatturazione.<\/p><p>Per ulteriori dettagli, consulta la <a href=\"https:\/\/www.paypal.com\/us\/webapps\/mpp\/ua\/privacy-full\"> privacy policy di PayPal <\/a>.<\/p><\/div>\r\n            <h3>WPML Media Translation<\/h3>\r\n                WPML Media Translation invier\u00e0 l'indirizzo e-mail e il nome di tutti i responsabili delle traduzioni e dei traduttori assegnati nonch\u00e9 i contenuti stessi all'editor avanzato di traduzione e ai servizi di traduzione utilizzati.\r\n            <h3>WPML Translation Management<\/h3>\r\n                WPML Translation Management invier\u00e0 l'indirizzo e-mail e il nome di ciascun responsabile e traduttore assegnato, nonch\u00e9 gli stessi contenuti all'editor di traduzione avanzato e ai servizi di traduzione utilizzati.\r\n            <h3>WooCommerce Multilingual &amp; Multicurrency<\/h3>\r\n                <p>WooCommerce Multilingual &amp; Multicurrency will use cookies to understand the basket info when using languages in domains and to transfer data between the domains.<\/p><p>WooCommerce Multilingual &amp; Multicurrency will also use cookies to identify the language and currency of each customer\u2019s order as well as the currency of the reports created by WooCommerce. WooCommerce Multilingual extends these reports by adding the currency\u2019s information.<\/p>\r\n            <h3>WPML String Translation<\/h3>\r\n                WPML String Translation invier\u00e0 tutte le stringhe all'editor di traduzione avanzato di WPML e ai servizi di traduzione utilizzati.\r\n            <h3>Prenotazioni<\/h3>\r\n                <p>Utilizzando questa estensione, potresti archiviare i dati personali o condividere i dati con un servizio esterno. <a href=\"https:\/\/docs.woocommerce.com\/document\/marketplace-privacy\/#woocommerce-bookings\" target=\"_blank\">Scopri di pi\u00f9 su come funziona, includendo ci\u00f2 che potresti voler inserire nella politica sulla privacy.<\/a><\/p>\r\n\r\n            <h3>Akismet<\/h3>\r\n                Raccogliamo informazioni sui visitatori che commentano il sito e che usano il nostro servizio Akismet anti-spam. Le informazioni raccolte dipendono da come l'utente ha impostato Akismet, ma normalmente le informazioni includono l'indirizzo IP di chi commenta, lo user agent, il referrer, e l'URL del sito (insieme ad altre informazioni fornite direttamente dall'utente che commenta, come nome, username, indirizzo email, e il testo stesso del commento). \r\n            <\/p><\/div>\n","protected":false},"excerpt":{"rendered":"","protected":false},"author":1,"featured_media":0,"parent":0,"menu_order":0,"comment_status":"closed","ping_status":"closed","template":"","meta":{"footnotes":""},"class_list":["post-2020","page","type-page","status-publish","hentry"],"yoast_head":"<!-- This site is optimized with the Yoast SEO plugin v24.7 - https:\/\/yoast.com\/wordpress\/plugins\/seo\/ -->\n<title>Dichiarazione sulla Privacy (UE) - Gino Mazzuccato 2023<\/title>\n<meta name=\"robots\" content=\"noindex, follow\" \/>\n<meta property=\"og:locale\" content=\"en_US\" \/>\n<meta property=\"og:type\" content=\"article\" \/>\n<meta property=\"og:title\" content=\"Dichiarazione sulla Privacy (UE) - Gino Mazzuccato 2023\" \/>\n<meta property=\"og:url\" content=\"https:\/\/ginomazzuccato.com\/en\/dichiarazione-sulla-privacy-ue\/\" \/>\n<meta property=\"og:site_name\" content=\"Gino Mazzuccato 2023\" \/>\n<meta property=\"article:modified_time\" content=\"2024-04-26T08:05:55+00:00\" \/>\n<meta name=\"twitter:card\" content=\"summary_large_image\" \/>\n<meta name=\"twitter:label1\" content=\"Est. reading time\" \/>\n\t<meta name=\"twitter:data1\" content=\"1 minute\" \/>\n<script type=\"application\/ld+json\" class=\"yoast-schema-graph\">{\"@context\":\"https:\/\/schema.org\",\"@graph\":[{\"@type\":\"WebPage\",\"@id\":\"https:\/\/ginomazzuccato.com\/en\/dichiarazione-sulla-privacy-ue\/\",\"url\":\"https:\/\/ginomazzuccato.com\/en\/dichiarazione-sulla-privacy-ue\/\",\"name\":\"Dichiarazione sulla Privacy (UE) - Gino Mazzuccato 2023\",\"isPartOf\":{\"@id\":\"https:\/\/ginomazzuccato.com\/#website\"},\"datePublished\":\"2023-05-23T09:53:19+00:00\",\"dateModified\":\"2024-04-26T08:05:55+00:00\",\"breadcrumb\":{\"@id\":\"https:\/\/ginomazzuccato.com\/en\/dichiarazione-sulla-privacy-ue\/#breadcrumb\"},\"inLanguage\":\"en-US\",\"potentialAction\":[{\"@type\":\"ReadAction\",\"target\":[\"https:\/\/ginomazzuccato.com\/en\/dichiarazione-sulla-privacy-ue\/\"]}]},{\"@type\":\"BreadcrumbList\",\"@id\":\"https:\/\/ginomazzuccato.com\/en\/dichiarazione-sulla-privacy-ue\/#breadcrumb\",\"itemListElement\":[{\"@type\":\"ListItem\",\"position\":1,\"name\":\"Home\",\"item\":\"https:\/\/ginomazzuccato.com\/\"},{\"@type\":\"ListItem\",\"position\":2,\"name\":\"Dichiarazione sulla Privacy (UE)\"}]},{\"@type\":\"WebSite\",\"@id\":\"https:\/\/ginomazzuccato.com\/#website\",\"url\":\"https:\/\/ginomazzuccato.com\/\",\"name\":\"Gino Mazzuccato 2023\",\"description\":\"Vetreria a Murano dal 1970\",\"publisher\":{\"@id\":\"https:\/\/ginomazzuccato.com\/#organization\"},\"potentialAction\":[{\"@type\":\"SearchAction\",\"target\":{\"@type\":\"EntryPoint\",\"urlTemplate\":\"https:\/\/ginomazzuccato.com\/?s={search_term_string}\"},\"query-input\":{\"@type\":\"PropertyValueSpecification\",\"valueRequired\":true,\"valueName\":\"search_term_string\"}}],\"inLanguage\":\"en-US\"},{\"@type\":\"Organization\",\"@id\":\"https:\/\/ginomazzuccato.com\/#organization\",\"name\":\"Gino Mazzuccato 2023\",\"url\":\"https:\/\/ginomazzuccato.com\/\",\"logo\":{\"@type\":\"ImageObject\",\"inLanguage\":\"en-US\",\"@id\":\"https:\/\/ginomazzuccato.com\/#\/schema\/logo\/image\/\",\"url\":\"https:\/\/ginomazzuccato.com\/wp-content\/uploads\/2023\/01\/logo-gino-mazzuccato-vetro-murano.png\",\"contentUrl\":\"https:\/\/ginomazzuccato.com\/wp-content\/uploads\/2023\/01\/logo-gino-mazzuccato-vetro-murano.png\",\"width\":518,\"height\":518,\"caption\":\"Gino Mazzuccato 2023\"},\"image\":{\"@id\":\"https:\/\/ginomazzuccato.com\/#\/schema\/logo\/image\/\"}}]}<\/script>\n<!-- \/ Yoast SEO plugin. -->","yoast_head_json":{"title":"Dichiarazione sulla Privacy (UE) - Gino Mazzuccato 2023","robots":{"index":"noindex","follow":"follow"},"og_locale":"en_US","og_type":"article","og_title":"Dichiarazione sulla Privacy (UE) - Gino Mazzuccato 2023","og_url":"https:\/\/ginomazzuccato.com\/en\/dichiarazione-sulla-privacy-ue\/","og_site_name":"Gino Mazzuccato 2023","article_modified_time":"2024-04-26T08:05:55+00:00","twitter_card":"summary_large_image","twitter_misc":{"Est. reading time":"1 minute"},"schema":{"@context":"https:\/\/schema.org","@graph":[{"@type":"WebPage","@id":"https:\/\/ginomazzuccato.com\/en\/dichiarazione-sulla-privacy-ue\/","url":"https:\/\/ginomazzuccato.com\/en\/dichiarazione-sulla-privacy-ue\/","name":"Dichiarazione sulla Privacy (UE) - Gino Mazzuccato 2023","isPartOf":{"@id":"https:\/\/ginomazzuccato.com\/#website"},"datePublished":"2023-05-23T09:53:19+00:00","dateModified":"2024-04-26T08:05:55+00:00","breadcrumb":{"@id":"https:\/\/ginomazzuccato.com\/en\/dichiarazione-sulla-privacy-ue\/#breadcrumb"},"inLanguage":"en-US","potentialAction":[{"@type":"ReadAction","target":["https:\/\/ginomazzuccato.com\/en\/dichiarazione-sulla-privacy-ue\/"]}]},{"@type":"BreadcrumbList","@id":"https:\/\/ginomazzuccato.com\/en\/dichiarazione-sulla-privacy-ue\/#breadcrumb","itemListElement":[{"@type":"ListItem","position":1,"name":"Home","item":"https:\/\/ginomazzuccato.com\/"},{"@type":"ListItem","position":2,"name":"Dichiarazione sulla Privacy (UE)"}]},{"@type":"WebSite","@id":"https:\/\/ginomazzuccato.com\/#website","url":"https:\/\/ginomazzuccato.com\/","name":"Gino Mazzuccato 2023","description":"Vetreria a Murano dal 1970","publisher":{"@id":"https:\/\/ginomazzuccato.com\/#organization"},"potentialAction":[{"@type":"SearchAction","target":{"@type":"EntryPoint","urlTemplate":"https:\/\/ginomazzuccato.com\/?s={search_term_string}"},"query-input":{"@type":"PropertyValueSpecification","valueRequired":true,"valueName":"search_term_string"}}],"inLanguage":"en-US"},{"@type":"Organization","@id":"https:\/\/ginomazzuccato.com\/#organization","name":"Gino Mazzuccato 2023","url":"https:\/\/ginomazzuccato.com\/","logo":{"@type":"ImageObject","inLanguage":"en-US","@id":"https:\/\/ginomazzuccato.com\/#\/schema\/logo\/image\/","url":"https:\/\/ginomazzuccato.com\/wp-content\/uploads\/2023\/01\/logo-gino-mazzuccato-vetro-murano.png","contentUrl":"https:\/\/ginomazzuccato.com\/wp-content\/uploads\/2023\/01\/logo-gino-mazzuccato-vetro-murano.png","width":518,"height":518,"caption":"Gino Mazzuccato 2023"},"image":{"@id":"https:\/\/ginomazzuccato.com\/#\/schema\/logo\/image\/"}}]}},"_links":{"self":[{"href":"https:\/\/ginomazzuccato.com\/en\/wp-json\/wp\/v2\/pages\/2020","targetHints":{"allow":["GET"]}}],"collection":[{"href":"https:\/\/ginomazzuccato.com\/en\/wp-json\/wp\/v2\/pages"}],"about":[{"href":"https:\/\/ginomazzuccato.com\/en\/wp-json\/wp\/v2\/types\/page"}],"author":[{"embeddable":true,"href":"https:\/\/ginomazzuccato.com\/en\/wp-json\/wp\/v2\/users\/1"}],"replies":[{"embeddable":true,"href":"https:\/\/ginomazzuccato.com\/en\/wp-json\/wp\/v2\/comments?post=2020"}],"version-history":[{"count":2,"href":"https:\/\/ginomazzuccato.com\/en\/wp-json\/wp\/v2\/pages\/2020\/revisions"}],"predecessor-version":[{"id":2661,"href":"https:\/\/ginomazzuccato.com\/en\/wp-json\/wp\/v2\/pages\/2020\/revisions\/2661"}],"wp:attachment":[{"href":"https:\/\/ginomazzuccato.com\/en\/wp-json\/wp\/v2\/media?parent=2020"}],"curies":[{"name":"wp","href":"https:\/\/api.w.org\/{rel}","templated":true}]}}